{"id":1016,"date":"2018-01-03T20:35:19","date_gmt":"2018-01-03T18:35:19","guid":{"rendered":"http:\/\/www.tahelilled.eu\/?page_id=1016"},"modified":"2018-02-13T14:44:39","modified_gmt":"2018-02-13T12:44:39","slug":"muugitingimused","status":"publish","type":"page","link":"http:\/\/tahelilled.eu\/?page_id=1016","title":{"rendered":"M\u00fc\u00fcgitingimused"},"content":{"rendered":"<p>Veebipoe tahelilled.eu  (edaspidi Veebipood) omanik on T\u00e4he Lilled O\u00dc (registrikood 12066240), asukohaga Vaksali 17A, Tartu. <\/p>\n<p><strong>M\u00fc\u00fcgilepingu kehtivus, kauba- ja hinnainfo <\/strong><br \/>\nM\u00fc\u00fcgitingimused kehtivad Veebipoest kaupade ostmisel.<br \/>\nVeebipoes m\u00fc\u00fcdavate toodete hinnad on m\u00e4rgitud toodete juurde eurodes. Hinnale lisandub tasu kauba k\u00e4ttetoimetamise eest.<br \/>\nKauba k\u00e4ttetoimetamise tasu s\u00f5ltub ostja asukohast ning k\u00e4ttetoimetamise viisist. K\u00e4ttetoimetamise tasu kuvatakse ostjale tellimuse vormistamisel.<br \/>\nTeave kauba kohta on esitatud Veebipoes vahetult kauba juures.<br \/>\n<strong><br \/>\nMakseviiside kirjeldus ja valuuta<\/strong><\/p>\n<p>tahelilled.eu e-poes on v\u00f5imalik tasuda Eesti pankade poolt v\u00e4ljastatud pangakaartidega, l\u00e4bi paypali konto v\u00f5i tehes arvel n\u00e4idatud rekvisiite kasutades panga\u00fclekande ja andes meie klienditeenindusele sellest teada. E-poes arveldamise valuuta on euro.<\/p>\n<p><strong>Tellimuse vormistamine <\/strong><br \/>\nKauba tellimiseks tuleb lisada soovitud tooted ostukorvi. Tellimuse vormistamiseks tuleb t\u00e4ita n\u00f5utud andmev\u00e4ljad ning valida sobiv toodete kohaletoimetamise viis. Seej\u00e4rel kuvatakse ekraanile tasu suurus, mille saab tasuda pangalingi kaudu v\u00f5i muu makselahenduse abil.<br \/>\nLeping j\u00f5ustub alates tasumisele kuuluva summa laekumisest Veebipoe arvelduskontole.<br \/>\nKui tellitud kaupa ei ole v\u00f5imalik tarnida seoses kauba l\u00f5ppemisega v\u00f5i muul p\u00f5hjusel, teavitatakse sellest ostjat esimesel v\u00f5imalusel ning tagastatakse tasutud raha (sh kauba k\u00e4ttetoimetamise kulud) viivitamata, kuid mitte hiljem kui 14 p\u00e4eva jooksul teate saatmisest. <\/p>\n<p><strong>Kohaletoimetamine<\/strong><br \/>\nKaupu saadetakse j\u00e4rgmistesse riikidesse: Eesti.<br \/>\nKauba saatmiskulud kannab ostja ning vastav hinnainfo on kuvatud saatmisviisi juures.<br \/>\nEestisisesed saadetised j\u00f5uavad \u00fcldjuhul ostja m\u00e4\u00e4ratud sihtpunkti 3-7 t\u00f6\u00f6p\u00e4eva jooksul alates m\u00fc\u00fcgilepingu j\u00f5ustumist.<br \/>\nErandlikel juhtumitel on \u00f5igus kaup kohale toimetada kuni 45 kalendrip\u00e4eva jooksul. <\/p>\n<p><strong>Taganemis\u00f5igus <\/strong><br \/>\nP\u00e4rast tellimuse k\u00e4ttesaamist on ostjal \u00f5igus e-poes s\u00f5lmitud lepingust taganeda 14 p\u00e4eva jooksul. Taganemis\u00f5igus ei kohaldu, kui ostjaks on juriidiline isik.<br \/>\nTaganemis\u00f5igust ei ole vastavalt V\u00d5S \u00a7 53 l\u00f5ikele 4 ette n\u00e4htud asjadele:<br \/>\na)\tmis on valmistatud, arvestades lepingupooleks oleva tarbija isiklikke vajadusi;<br \/>\nb)\tmis on valmistatud tarbija esitatud tingimuste kohaselt;<br \/>\nc)\tmida ei saa selle olemuse t\u00f5ttu tagastada, mis on kiiresti riknev v\u00f5i mille kasutamist\u00e4htaeg on m\u00f6\u00f6dunud;<br \/>\nd)\tenampakkumisel;<br \/>\n14-p\u00e4evase tagastamis\u00f5iguse kasutamiseks ei tohi tellitud kaupa kasutada muul viisil kui on vajalik kauba olemuses, omadustes ja toimimises veendumiseks viisil nagu see on lubatud kauba testimiseks f\u00fc\u00fcsilises poes.<br \/>\nKui kaupa on kasutatud muuks otstarbeks kui on vajalik kauba olemuses, omadustes ja toimimises veendumiseks v\u00f5i sellel on kasutamise v\u00f5i kulumise m\u00e4rke, on Veebipoel \u00f5igus alandada tagastatavat tasu vastavalt kauba v\u00e4\u00e4rtuse v\u00e4henemisele.<br \/>\nKauba tagastamiseks tuleb esitada kauba ostmisest taganemise avaldus, mille vormi leiab m\u00fc\u00fcgitingimuste viimaselt lehelt (Lisa 1)  ning saata see e-posti aadressile info@tahelilled.eu  hiljemalt 14 p\u00e4eva jooksul kauba k\u00e4ttesaamisest. Taganemisavalduse t\u00e4itmise juhend lisatud k\u00e4esolevate m\u00fc\u00fcgitingimuste l\u00f5ppu (Lisa 2).<br \/>\nKauba tagastamise kulud kannab ostja, v\u00e4lja arvatud juhul, kui tagastamise p\u00f5hjus seisneb asjaolus, et tagastamisele kuuluv asi ei vasta tellitule (nt vale v\u00f5i defektiga asi).<br \/>\nOstja peab kauba tagastama avalduse esitamisele j\u00e4rgneva 14 p\u00e4eva jooksul v\u00f5i esitama t\u00f5endi, et ta on eelnimetatud perioodi jooksul kauba \u00fcle andnud kauba vedajale.<br \/>\nVeebipood tagastab tagastatava kauba k\u00e4ttesaamisel ostjale viivitamata, kuid mitte hiljem kui 14 p\u00e4eva m\u00f6\u00f6dumisel arvates taganemisavalduse saamisest, k\u00f5ik ostjalt lepingu alusel saadud tasud.<br \/>\nVeebipood v\u00f5ib keelduda tagasimaksete tegemisest seni, kuni on lepingu esemeks oleva asja tagasi saanud v\u00f5i kuni ostja on esitanud t\u00f5endid, et on asja tagasi saatnud, s\u00f5ltuvalt sellest, kumb toimub varem.<br \/>\nKui ostja on s\u00f5naselgelt valinud Veebipoe pakutud k\u00f5ige odavamast tavap\u00e4rasest asja k\u00e4ttetoimetamise viisist erineva k\u00e4ttetoimetamise viisi, ei pea Veebipood tarbijale tagastama kulu, mis \u00fcletab tavap\u00e4rase k\u00e4ttetoimetamise viisiga seotud kulu.<br \/>\nVeebipoel on \u00f5igus taganeda m\u00fc\u00fcgitehingust ning n\u00f5uda ostjalt tagasi kaup, kui kauba hind veebipoes on eksituse t\u00f5ttu m\u00e4rgitud oluliselt alla kauba turuhinna. <\/p>\n<p><strong>Pretensiooni esitamise \u00f5igus <\/strong><br \/>\nVeebipood vastutab ostjale m\u00fc\u00fcdud kauba lepingutingimustele mittevastavuse v\u00f5i puuduse eest, mis oli olemas juba asja \u00fcleandmise hetkel ning mis ilmneb kuni kahe aasta jooksul, alates kauba \u00fcleandmisest ostjale. Sellest esimese kuue kuu jooksul asja \u00fcleandmisest ostjale eeldatakse, et puudus oli olemas juba asja \u00fcleandmise ajal. Vastava eelduse \u00fcmberl\u00fckkamine on Veebipoe kohustus.<br \/>\nOstjal on \u00f5igus puuduse ilmnemisel p\u00f6\u00f6rduda hiljemalt kahe kuu jooksul veebipoe poole, saates e-kirja aadressile info@tahelilled.eu v\u00f5i helistada telefonil: +372 553 1263.<br \/>\nVeebipood ei vastuta puuduste eest, mis on tekkinud p\u00e4rast kauba \u00fcleandmist ostjale.<br \/>\nKui Veebipoest ostetud kaubal on puudused, mille eest Veebipood vastutab, parandab v\u00f5i asendab Veebipood puudusega kauba. Kui kaupa ei ole v\u00f5imalik parandada ega asendada, tagastab Veebipood ostjale k\u00f5ik m\u00fc\u00fcgilepinguga kaasnenud tasud.<br \/>\nVeebipood vastab tarbija esitatud kaebusele kirjalikult v\u00f5i kirjalikku taasesitamist v\u00f5imaldavas vormis 15 p\u00e4eva jooksul. <\/p>\n<p><strong>Otseturustus ja isikuandmete t\u00f6\u00f6tlemine<\/strong><br \/>\nVeebipood kasutab ostja poolt sisestatud isikuandmeid (sh nimi, telefoninumber, aadress, e-maili aadress, pangarekvisiidid) ainult tellimuse t\u00f6\u00f6tlemiseks ning kauba ostjale saatmiseks. Veebipood edastab isikuandmeid veoteenust pakkuvale ettev\u00f5tetele selleks, et kohale toimetada kaupa.<br \/>\nVeebipood saadab ostjale uudiskirju ning pakkumisi ostja e-maili aadressile ainult juhul, kui ostja on selleks avaldanud soovi sisestades veebilehel e-kirja aadressi ning andnud teada oma soovist otsepostituse teadete saamiseks.<br \/>\nOstjal on igal ajal v\u00f5imalik loobuda e-postile saadetavatest pakkumistest ja uudiskirjadest andes sellest meile teada e-kirja teel v\u00f5i j\u00e4rgides pakkumisi sisaldava e-kirjas toodud juhiseid. <\/p>\n<p><strong>Vaidluste lahendamine <\/strong><br \/>\nKui ostjal on Veebipoe osas pretensioone, tuleb need saata e-kirja aadressile info@tahelilled.eu v\u00f5i helistada telefonil: +372 553 1263.<br \/>\nKui ostja ja Veebipood ei suuda lahenda vaidlust kokkuleppe teel, siis on ostjal v\u00f5imalik p\u00f6\u00f6rduda Tarbijavaidluste komisjoni poole. Menetlustingimustega saab tutvuda ning avaldust esitada siin. Tarbijavaidluste komisjoni p\u00e4devuses on lahendada ostja ja Veebipoe vahel s\u00f5lmitud lepingust tulenevaid vaidlusi. Ostja kaebuse l\u00e4bivaatamine komisjonis on tasuta.<br \/>\nOstja v\u00f5ib p\u00f6\u00f6rduda Euroopa Liidu tarbijavaidlusi lahendava platvormi poole.<\/p>\n<p>\u2003<br \/>\nJustiitsministri 17.12.2013. a m\u00e4\u00e4rus nr 41<br \/>\n\u201eSidevahendi abil s\u00f5lmitud lepingust ja<br \/>\nv\u00e4ljaspool \u00e4riruume s\u00f5lmitud lepingust<br \/>\ntaganemise avalduse t\u00fc\u00fcpvormi ja<br \/>\ntaganemise n\u00e4idisjuhendi kehtestamine\u201d<\/p>\n<p>Lisa 1<\/p>\n<p><strong>Sidevahendi abil s\u00f5lmitud lepingust ja v\u00e4ljaspool \u00e4riruume s\u00f5lmitud lepingust taganemise<br \/>\navalduse t\u00fc\u00fcpvorm<\/strong><br \/>\n(t\u00e4itke ja tagastage k\u00e4esolev vorm \u00fcksnes juhul, kui soovite lepingust taganeda)<\/p>\n<p>\u2014 Kellele: \u201e[ettev\u00f5tja kannab siia oma nime, aadressi ning olemasolu korral faksinumbri ja e-posti<br \/>\naadressi]\u201d<br \/>\n\u2014 K\u00e4esolevaga taganen\/taganeme (*) lepingust, mille esemeks on j\u00e4rgmine asi (*) \/ j\u00e4rgmine teenus (*)<br \/>\n\u2014 Tellimuse esitamise kuup\u00e4ev (*) \/ asja k\u00e4ttesaamise kuup\u00e4ev (*)<br \/>\n\u2014 Tarbija nimi \/ tarbijate nimed<br \/>\n\u2014 Tarbija aadress \/ tarbijate aadressid<br \/>\n\u2014 Tarbija allkiri \/ tarbijate allkirjad (ainult juhul, kui k\u00e4esolev vorm esitatakse paberil)<br \/>\n\u2014 Kuup\u00e4ev<\/p>\n<p>(*) Mittevajalik maha t\u00f5mmata.<br \/>\n\u2003<\/p>\n<p>Justiitsministri 17.12.2013. a m\u00e4\u00e4rus nr 41<br \/>\n\u201eSidevahendi abil s\u00f5lmitud lepingust ja<br \/>\nv\u00e4ljaspool \u00e4riruume s\u00f5lmitud lepingust<br \/>\ntaganemise avalduse t\u00fc\u00fcpvormi ja<br \/>\ntaganemise n\u00e4idisjuhendi kehtestamine\u201d<\/p>\n<p>Lisa 2<\/p>\n<p><strong>Sidevahendi abil s\u00f5lmitud lepingust ja v\u00e4ljaspool \u00e4riruume s\u00f5lmitud lepingust taganemise<br \/>\nn\u00e4idisjuhend<\/strong><br \/>\nTaganemis\u00f5igus<br \/>\nTeil on \u00f5igus p\u00f5hjust avaldamata taganeda k\u00f5nesolevast lepingust 14 p\u00e4eva jooksul.<br \/>\nTaganemist\u00e4htaeg l\u00f5peb 14 p\u00e4eva m\u00f6\u00f6dumisel alates p\u00e4evast *1.<br \/>\nTaganemis\u00f5iguse kasutamiseks teavitage meid *2 oma otsusest taganeda k\u00f5nesolevast lepingust<br \/>\n\u00fchem\u00f5ttelise avaldusega (nt posti, faksi v\u00f5i e-postiga saadetud kiri). Te v\u00f5ite selleks kasutada lisatud<br \/>\ntaganemisavalduse t\u00fc\u00fcpvormi, kuid see ei ole kohustuslik. *3<br \/>\nTaganemis\u00f5iguse kasutamise t\u00e4htajast kinnipidamiseks piisab, kui saadate teate taganemis\u00f5iguse<br \/>\nkasutamise kohta \u00e4ra enne taganemist\u00e4htaja l\u00f5ppu.<br \/>\nLepingust taganemise tagaj\u00e4rjed<br \/>\nKui Te taganete k\u00f5nesolevast lepingust, tagastame Teile k\u00f5ik Teilt saadud maksed, sealhulgas<br \/>\nk\u00e4ttetoimetamiskulud (v\u00e4lja arvatud t\u00e4iendavad kulud, mis tulenevad Teie valitud k\u00e4ttetoimetamise<br \/>\nviisist, mis erineb meie pakutud k\u00f5ige odavamast tavap\u00e4rasest k\u00e4ttetoimetamise viisist) viivitamata,<br \/>\nkuid hiljemalt 14 p\u00e4eva m\u00f6\u00f6dumisel alates p\u00e4evast, mil saame teada Teie otsusest k\u00f5nesolevast<br \/>\nlepingust taganeda. Teeme nimetatud tagasimaksed, kasutades sama makseviisi, mida kasutasite<br \/>\nmakse tegemiseks, v\u00e4lja arvatud juhul, kui olete s\u00f5naselgelt andnud n\u00f5usoleku teistsuguse makseviisi<br \/>\nkasutamiseks; igal juhul ei kaasne Teile sellise maksete tagastamisega teenustasu ega muud kulu. *4<br \/>\n*5<br \/>\n*6<br \/>\nT\u00e4itmisjuhend<br \/>\n*1. Lisage \u00fcks j\u00e4rgmistest jutum\u00e4rkides esitatud tekstidest:<br \/>\na) lepingu puhul, mille esemeks on teenuse osutamine v\u00f5i muu kestva soorituse tegemine, vee,<br \/>\ngaasi, elektri v\u00f5i soojuse m\u00fc\u00fck \u00fchendusv\u00f5rgu kaudu v\u00f5i digitaalne sisu, mida ei edastata<br \/>\nf\u00fc\u00fcsilisel andmekandjal: \u201emil leping s\u00f5lmiti.\u201d;<br \/>\nb) lepingu puhul, mille esemeks on asja \u00fcleandmine: \u201emil Teie v\u00f5i Teie nimetatud kolmas isik,<br \/>\nkes ei ole kauba vedaja, on saanud asja f\u00fc\u00fcsiliselt enda valdusesse.\u201d;<br \/>\nc) lepingu puhul, mille kohaselt tuleb tarbijale \u00fcle anda mitu asja, mis toimetatakse kohale eraldi:<br \/>\n\u201emil Teie v\u00f5i Teie nimetatud kolmas isik, kes ei ole kauba vedaja, on saanud viimase asja<br \/>\nf\u00fc\u00fcsiliselt enda valdusesse.\u201d;<br \/>\nd) lepingu puhul, mille kohaselt tuleb asi tarbijale \u00fcle anda mitmes osas: \u201emil Teie v\u00f5i Teie<br \/>\nnimetatud kolmas isik, kes ei ole kauba vedaja, on saanud viimase osa f\u00fc\u00fcsiliselt enda<br \/>\nvaldusesse.\u201d;<br \/>\ne) kestvuslepingu puhul, mille esemeks on asjade korduv \u00fcleandmine kindlaksm\u00e4\u00e4ratud aja<br \/>\njooksul: \u201emil Teie v\u00f5i Teie nimetatud kolmas isik, kes ei ole kauba vedaja, on saanud esimese<br \/>\n\u00fcleantava asja f\u00fc\u00fcsiliselt enda valdusesse.\u201d<br \/>\n*2. Palun m\u00e4rkige siia oma nimi, aadress ning olemasolu korral telefoninumber, faksinumber ja e-posti<br \/>\naadress.<br \/>\n*3. Kui annate tarbijale v\u00f5imaluse esitada teave lepingust taganemise kohta elektrooniliselt Teie<br \/>\nveebilehel, lisage j\u00e4rgmine tekst: \u201eTeil on ka v\u00f5imalik t\u00e4ita ja esitada taganemisavalduse t\u00fc\u00fcpvorm v\u00f5i<br \/>\nmis tahes muu \u00fchem\u00f5tteline avaldus elektrooniliselt meie veebilehel info@tahelilled.eu. Kui<br \/>\nkasutate seda v\u00f5imalust, saadame Teile viivitamata kinnituse Teie taganemisteate k\u00e4ttesaamise kohta<br \/>\np\u00fcsival andmekandjal (n\u00e4iteks e-kirjaga).\u201d<br \/>\n*4. Kui Te ei ole lepingu puhul, mille esemeks on asja \u00fcleandmine, teinud ettepanekut tarbija<br \/>\ntaganemise korral lepingu esemeks olevale asjale ise j\u00e4rele tulla, lisage j\u00e4rgmine tekst: \u201eV\u00f5ime<br \/>\nkeelduda tagasimaksete tegemisest seni, kuni oleme lepingu esemeks oleva asja tagasi saanud v\u00f5i<br \/>\nkuni olete esitanud t\u00f5endid, et olete asja tagasi saatnud, s\u00f5ltuvalt sellest, kumb toimub varem.\u201d<br \/>\n*5. Kui tarbijale on lepingu esemena antud \u00fcle asi:<br \/>\na) lisage:<br \/>\n\u2014 \u201eTuleme ise asjale j\u00e4rele.\u201d v\u00f5i<br \/>\n\u2014 \u201eSaadate asja tagasi v\u00f5i annate selle viivitamata, kuid hiljemalt 14 p\u00e4eva m\u00f6\u00f6dumisel p\u00e4evast, mil<br \/>\nteatasite meile oma taganemisest k\u00f5nesolevast lepingust, \u00fcle meile. T\u00e4htajast on kinni peetud, kui<br \/>\nsaadate lepingu esemeks oleva asja tagasi enne 14-p\u00e4evase t\u00e4htaja l\u00f5ppu.\u201d;<br \/>\nb) lisage:<br \/>\n\u2014 \u201eAsja tagastamise kulud katame meie.\u201d,<br \/>\n\u2014 \u201eAsja tagastamise otsesed kulud tuleb katta Teil.\u201d,<br \/>\n\u2014 kui Te sidevahendi abil s\u00f5lmitud lepingus ei paku v\u00f5imalust lepingu esemeks oleva asja<br \/>\ntagastamise kulusid ise katta ning asja ei saa selle olemuse t\u00f5ttu tavaliselt posti kaudu tagastada:<br \/>\n\u201eAsja tagastamise otsesed kulud \u2026 eurot [lisage summa] tuleb katta Teil.\u201d, v\u00f5i kui asja tagastamise<br \/>\nkulusid ei ole m\u00f5istlike j\u00f5upingutustega v\u00f5imalik enne arvutada: \u201eAsja tagastamise otsesed kulud tuleb katta Teil. Maksimaalsed kulud on ligil\u00e4hedaselt \u2026 eurot [lisage summa].\u201d, v\u00f5i<br \/>\n\u2014 kui v\u00e4ljaspool \u00e4riruume s\u00f5lmitud lepingu puhul on lepingu esemeks olev asi toimetatud tarbija koju lepingu s\u00f5lmimise ajal ning seda asja ei saa selle olemuse t\u00f5ttu tavaliselt postiga tagasi saata:<br \/>\n\u201eTuleme asjale ise omal kulul j\u00e4rele.\u201d;<br \/>\nc) lisage \u201eVastutate \u00fcksnes asja v\u00e4\u00e4rtuse v\u00e4henemise eest, mis on tingitud asja kasutamisest muul<br \/>\nviisil, kui on vaja asja olemuses, omadustes ja toimimises veendumiseks.\u201d<br \/>\n*6. Teenuse osutamise v\u00f5i muu kestva soorituse tegemise lepingu korral ning vee, gaasi, elektri v\u00f5i<br \/>\nsoojuse \u00fchendusv\u00f5rgu kaudu m\u00fc\u00fcgi lepingu korral lisage j\u00e4rgmine tekst: \u201eKui soovisite, et teenuse<br \/>\nosutamine \/ muu kestva soorituse tegemine v\u00f5i vee\/gaasi\/elektri\/soojuse m\u00fc\u00fck \u00fchendusv\u00f5rgu kaudu<br \/>\n[mittevajalik maha t\u00f5mmata] algaks taganemist\u00e4htaja jooksul, tuleb Teil meile tasuda lepingu<br \/>\nt\u00e4itmisena \u00fcleantu v\u00e4\u00e4rtus proportsionaalselt \u00fcleantuga ajani, mil teatasite meile oma taganemisest<br \/>\nk\u00f5nesolevast lepingust, v\u00f5ttes arvesse lepingu kogumahtu.\u201d<\/p>\n","protected":false},"excerpt":{"rendered":"<p>Veebipoe tahelilled.eu (edaspidi Veebipood) omanik on T\u00e4he Lilled O\u00dc (registrikood 12066240), asukohaga Vaksali 17A, Tartu. M\u00fc\u00fcgilepingu kehtivus, kauba- ja hinnainfo M\u00fc\u00fcgitingimused kehtivad Veebipoest kaupade ostmisel. Veebipoes m\u00fc\u00fcdavate toodete hinnad on m\u00e4rgitud toodete juurde eurodes. Hinnale lisandub tasu kauba k\u00e4ttetoimetamise eest. &hellip; <a href=\"http:\/\/tahelilled.eu\/?page_id=1016\">J\u00e4tka lugemist <span class=\"meta-nav\">&rarr;<\/span><\/a><\/p>\n","protected":false},"author":1,"featured_media":0,"parent":1009,"menu_order":0,"comment_status":"closed","ping_status":"closed","template":"","meta":{"footnotes":""},"class_list":["post-1016","page","type-page","status-publish","hentry"],"_links":{"self":[{"href":"http:\/\/tahelilled.eu\/index.php?rest_route=\/wp\/v2\/pages\/1016"}],"collection":[{"href":"http:\/\/tahelilled.eu\/index.php?rest_route=\/wp\/v2\/pages"}],"about":[{"href":"http:\/\/tahelilled.eu\/index.php?rest_route=\/wp\/v2\/types\/page"}],"author":[{"embeddable":true,"href":"http:\/\/tahelilled.eu\/index.php?rest_route=\/wp\/v2\/users\/1"}],"replies":[{"embeddable":true,"href":"http:\/\/tahelilled.eu\/index.php?rest_route=%2Fwp%2Fv2%2Fcomments&post=1016"}],"version-history":[{"count":5,"href":"http:\/\/tahelilled.eu\/index.php?rest_route=\/wp\/v2\/pages\/1016\/revisions"}],"predecessor-version":[{"id":1077,"href":"http:\/\/tahelilled.eu\/index.php?rest_route=\/wp\/v2\/pages\/1016\/revisions\/1077"}],"up":[{"embeddable":true,"href":"http:\/\/tahelilled.eu\/index.php?rest_route=\/wp\/v2\/pages\/1009"}],"wp:attachment":[{"href":"http:\/\/tahelilled.eu\/index.php?rest_route=%2Fwp%2Fv2%2Fmedia&parent=1016"}],"curies":[{"name":"wp","href":"https:\/\/api.w.org\/{rel}","templated":true}]}}