{"id":1043,"date":"2018-02-09T11:07:14","date_gmt":"2018-02-09T09:07:14","guid":{"rendered":"http:\/\/www.tahelilled.eu\/?page_id=1043"},"modified":"2018-02-09T11:07:14","modified_gmt":"2018-02-09T09:07:14","slug":"taganemise-avalduse-tuupvorm","status":"publish","type":"page","link":"http:\/\/tahelilled.eu\/?page_id=1043","title":{"rendered":"Taganemise avalduse t\u00fc\u00fcpvorm"},"content":{"rendered":"<p>\u2003<br \/>\nJustiitsministri 17.12.2013. a m\u00e4\u00e4rus nr 41<br \/>\n\u201eSidevahendi abil s\u00f5lmitud lepingust ja<br \/>\nv\u00e4ljaspool \u00e4riruume s\u00f5lmitud lepingust<br \/>\ntaganemise avalduse t\u00fc\u00fcpvormi ja<br \/>\ntaganemise n\u00e4idisjuhendi kehtestamine\u201d<\/p>\n<p>Lisa 1<\/p>\n<p><strong>Sidevahendi abil s\u00f5lmitud lepingust ja v\u00e4ljaspool \u00e4riruume s\u00f5lmitud lepingust taganemise<br \/>\navalduse t\u00fc\u00fcpvorm<\/strong><br \/>\n(t\u00e4itke ja tagastage k\u00e4esolev vorm \u00fcksnes juhul, kui soovite lepingust taganeda)<\/p>\n<p>\u2014 Kellele: \u201e[ettev\u00f5tja kannab siia oma nime, aadressi ning olemasolu korral faksinumbri ja e-posti<br \/>\naadressi]\u201d<br \/>\n\u2014 K\u00e4esolevaga taganen\/taganeme (*) lepingust, mille esemeks on j\u00e4rgmine asi (*) \/ j\u00e4rgmine teenus (*)<br \/>\n\u2014 Tellimuse esitamise kuup\u00e4ev (*) \/ asja k\u00e4ttesaamise kuup\u00e4ev (*)<br \/>\n\u2014 Tarbija nimi \/ tarbijate nimed<br \/>\n\u2014 Tarbija aadress \/ tarbijate aadressid<br \/>\n\u2014 Tarbija allkiri \/ tarbijate allkirjad (ainult juhul, kui k\u00e4esolev vorm esitatakse paberil)<br \/>\n\u2014 Kuup\u00e4ev<\/p>\n<p>(*) Mittevajalik maha t\u00f5mmata.<br \/>\n\u2003<\/p>\n","protected":false},"excerpt":{"rendered":"<p>\u2003 Justiitsministri 17.12.2013. a m\u00e4\u00e4rus nr 41 \u201eSidevahendi abil s\u00f5lmitud lepingust ja v\u00e4ljaspool \u00e4riruume s\u00f5lmitud lepingust taganemise avalduse t\u00fc\u00fcpvormi ja taganemise n\u00e4idisjuhendi kehtestamine\u201d Lisa 1 Sidevahendi abil s\u00f5lmitud lepingust ja v\u00e4ljaspool \u00e4riruume s\u00f5lmitud lepingust taganemise avalduse t\u00fc\u00fcpvorm (t\u00e4itke ja tagastage &hellip; <a href=\"http:\/\/tahelilled.eu\/?page_id=1043\">J\u00e4tka lugemist <span class=\"meta-nav\">&rarr;<\/span><\/a><\/p>\n","protected":false},"author":1,"featured_media":0,"parent":1009,"menu_order":0,"comment_status":"closed","ping_status":"closed","template":"","meta":{"footnotes":""},"class_list":["post-1043","page","type-page","status-publish","hentry"],"_links":{"self":[{"href":"http:\/\/tahelilled.eu\/index.php?rest_route=\/wp\/v2\/pages\/1043"}],"collection":[{"href":"http:\/\/tahelilled.eu\/index.php?rest_route=\/wp\/v2\/pages"}],"about":[{"href":"http:\/\/tahelilled.eu\/index.php?rest_route=\/wp\/v2\/types\/page"}],"author":[{"embeddable":true,"href":"http:\/\/tahelilled.eu\/index.php?rest_route=\/wp\/v2\/users\/1"}],"replies":[{"embeddable":true,"href":"http:\/\/tahelilled.eu\/index.php?rest_route=%2Fwp%2Fv2%2Fcomments&post=1043"}],"version-history":[{"count":1,"href":"http:\/\/tahelilled.eu\/index.php?rest_route=\/wp\/v2\/pages\/1043\/revisions"}],"predecessor-version":[{"id":1044,"href":"http:\/\/tahelilled.eu\/index.php?rest_route=\/wp\/v2\/pages\/1043\/revisions\/1044"}],"up":[{"embeddable":true,"href":"http:\/\/tahelilled.eu\/index.php?rest_route=\/wp\/v2\/pages\/1009"}],"wp:attachment":[{"href":"http:\/\/tahelilled.eu\/index.php?rest_route=%2Fwp%2Fv2%2Fmedia&parent=1043"}],"curies":[{"name":"wp","href":"https:\/\/api.w.org\/{rel}","templated":true}]}}