{"id":1045,"date":"2018-02-09T11:08:02","date_gmt":"2018-02-09T09:08:02","guid":{"rendered":"http:\/\/www.tahelilled.eu\/?page_id=1045"},"modified":"2018-02-09T11:08:45","modified_gmt":"2018-02-09T09:08:45","slug":"lepingust-taganemise-naidisjuhend","status":"publish","type":"page","link":"http:\/\/tahelilled.eu\/?page_id=1045","title":{"rendered":"Taganemise avalduse n\u00e4idisjuhend"},"content":{"rendered":"<p>Justiitsministri 17.12.2013. a m\u00e4\u00e4rus nr 41<br \/>\n\u201eSidevahendi abil s\u00f5lmitud lepingust ja<br \/>\nv\u00e4ljaspool \u00e4riruume s\u00f5lmitud lepingust<br \/>\ntaganemise avalduse t\u00fc\u00fcpvormi ja<br \/>\ntaganemise n\u00e4idisjuhendi kehtestamine\u201d<\/p>\n<p>Lisa 2<\/p>\n<p><strong>Sidevahendi abil s\u00f5lmitud lepingust ja v\u00e4ljaspool \u00e4riruume s\u00f5lmitud lepingust taganemise<br \/>\nn\u00e4idisjuhend<\/strong><br \/>\nTaganemis\u00f5igus<br \/>\nTeil on \u00f5igus p\u00f5hjust avaldamata taganeda k\u00f5nesolevast lepingust 14 p\u00e4eva jooksul.<br \/>\nTaganemist\u00e4htaeg l\u00f5peb 14 p\u00e4eva m\u00f6\u00f6dumisel alates p\u00e4evast *1.<br \/>\nTaganemis\u00f5iguse kasutamiseks teavitage meid *2 oma otsusest taganeda k\u00f5nesolevast lepingust<br \/>\n\u00fchem\u00f5ttelise avaldusega (nt posti, faksi v\u00f5i e-postiga saadetud kiri). Te v\u00f5ite selleks kasutada lisatud<br \/>\ntaganemisavalduse t\u00fc\u00fcpvormi, kuid see ei ole kohustuslik. *3<br \/>\nTaganemis\u00f5iguse kasutamise t\u00e4htajast kinnipidamiseks piisab, kui saadate teate taganemis\u00f5iguse<br \/>\nkasutamise kohta \u00e4ra enne taganemist\u00e4htaja l\u00f5ppu.<br \/>\nLepingust taganemise tagaj\u00e4rjed<br \/>\nKui Te taganete k\u00f5nesolevast lepingust, tagastame Teile k\u00f5ik Teilt saadud maksed, sealhulgas<br \/>\nk\u00e4ttetoimetamiskulud (v\u00e4lja arvatud t\u00e4iendavad kulud, mis tulenevad Teie valitud k\u00e4ttetoimetamise<br \/>\nviisist, mis erineb meie pakutud k\u00f5ige odavamast tavap\u00e4rasest k\u00e4ttetoimetamise viisist) viivitamata,<br \/>\nkuid hiljemalt 14 p\u00e4eva m\u00f6\u00f6dumisel alates p\u00e4evast, mil saame teada Teie otsusest k\u00f5nesolevast<br \/>\nlepingust taganeda. Teeme nimetatud tagasimaksed, kasutades sama makseviisi, mida kasutasite<br \/>\nmakse tegemiseks, v\u00e4lja arvatud juhul, kui olete s\u00f5naselgelt andnud n\u00f5usoleku teistsuguse makseviisi<br \/>\nkasutamiseks; igal juhul ei kaasne Teile sellise maksete tagastamisega teenustasu ega muud kulu. *4<br \/>\n*5<br \/>\n*6<br \/>\nT\u00e4itmisjuhend<br \/>\n*1. Lisage \u00fcks j\u00e4rgmistest jutum\u00e4rkides esitatud tekstidest:<br \/>\na) lepingu puhul, mille esemeks on teenuse osutamine v\u00f5i muu kestva soorituse tegemine, vee,<br \/>\ngaasi, elektri v\u00f5i soojuse m\u00fc\u00fck \u00fchendusv\u00f5rgu kaudu v\u00f5i digitaalne sisu, mida ei edastata<br \/>\nf\u00fc\u00fcsilisel andmekandjal: \u201emil leping s\u00f5lmiti.\u201d;<br \/>\nb) lepingu puhul, mille esemeks on asja \u00fcleandmine: \u201emil Teie v\u00f5i Teie nimetatud kolmas isik,<br \/>\nkes ei ole kauba vedaja, on saanud asja f\u00fc\u00fcsiliselt enda valdusesse.\u201d;<br \/>\nc) lepingu puhul, mille kohaselt tuleb tarbijale \u00fcle anda mitu asja, mis toimetatakse kohale eraldi:<br \/>\n\u201emil Teie v\u00f5i Teie nimetatud kolmas isik, kes ei ole kauba vedaja, on saanud viimase asja<br \/>\nf\u00fc\u00fcsiliselt enda valdusesse.\u201d;<br \/>\nd) lepingu puhul, mille kohaselt tuleb asi tarbijale \u00fcle anda mitmes osas: \u201emil Teie v\u00f5i Teie<br \/>\nnimetatud kolmas isik, kes ei ole kauba vedaja, on saanud viimase osa f\u00fc\u00fcsiliselt enda<br \/>\nvaldusesse.\u201d;<br \/>\ne) kestvuslepingu puhul, mille esemeks on asjade korduv \u00fcleandmine kindlaksm\u00e4\u00e4ratud aja<br \/>\njooksul: \u201emil Teie v\u00f5i Teie nimetatud kolmas isik, kes ei ole kauba vedaja, on saanud esimese<br \/>\n\u00fcleantava asja f\u00fc\u00fcsiliselt enda valdusesse.\u201d<br \/>\n*2. Palun m\u00e4rkige siia oma nimi, aadress ning olemasolu korral telefoninumber, faksinumber ja e-posti<br \/>\naadress.<br \/>\n*3. Kui annate tarbijale v\u00f5imaluse esitada teave lepingust taganemise kohta elektrooniliselt Teie<br \/>\nveebilehel, lisage j\u00e4rgmine tekst: \u201eTeil on ka v\u00f5imalik t\u00e4ita ja esitada taganemisavalduse t\u00fc\u00fcpvorm v\u00f5i<br \/>\nmis tahes muu \u00fchem\u00f5tteline avaldus elektrooniliselt meie veebilehel info@tahelilled.eu. Kui<br \/>\nkasutate seda v\u00f5imalust, saadame Teile viivitamata kinnituse Teie taganemisteate k\u00e4ttesaamise kohta<br \/>\np\u00fcsival andmekandjal (n\u00e4iteks e-kirjaga).\u201d<br \/>\n*4. Kui Te ei ole lepingu puhul, mille esemeks on asja \u00fcleandmine, teinud ettepanekut tarbija<br \/>\ntaganemise korral lepingu esemeks olevale asjale ise j\u00e4rele tulla, lisage j\u00e4rgmine tekst: \u201eV\u00f5ime<br \/>\nkeelduda tagasimaksete tegemisest seni, kuni oleme lepingu esemeks oleva asja tagasi saanud v\u00f5i<br \/>\nkuni olete esitanud t\u00f5endid, et olete asja tagasi saatnud, s\u00f5ltuvalt sellest, kumb toimub varem.\u201d<br \/>\n*5. Kui tarbijale on lepingu esemena antud \u00fcle asi:<br \/>\na) lisage:<br \/>\n\u2014 \u201eTuleme ise asjale j\u00e4rele.\u201d v\u00f5i<br \/>\n\u2014 \u201eSaadate asja tagasi v\u00f5i annate selle viivitamata, kuid hiljemalt 14 p\u00e4eva m\u00f6\u00f6dumisel p\u00e4evast, mil<br \/>\nteatasite meile oma taganemisest k\u00f5nesolevast lepingust, \u00fcle meile. T\u00e4htajast on kinni peetud, kui<br \/>\nsaadate lepingu esemeks oleva asja tagasi enne 14-p\u00e4evase t\u00e4htaja l\u00f5ppu.\u201d;<br \/>\nb) lisage:<br \/>\n\u2014 \u201eAsja tagastamise kulud katame meie.\u201d,<br \/>\n\u2014 \u201eAsja tagastamise otsesed kulud tuleb katta Teil.\u201d,<br \/>\n\u2014 kui Te sidevahendi abil s\u00f5lmitud lepingus ei paku v\u00f5imalust lepingu esemeks oleva asja<br \/>\ntagastamise kulusid ise katta ning asja ei saa selle olemuse t\u00f5ttu tavaliselt posti kaudu tagastada:<br \/>\n\u201eAsja tagastamise otsesed kulud \u2026 eurot [lisage summa] tuleb katta Teil.\u201d, v\u00f5i kui asja tagastamise<br \/>\nkulusid ei ole m\u00f5istlike j\u00f5upingutustega v\u00f5imalik enne arvutada: \u201eAsja tagastamise otsesed kulud tuleb katta Teil. Maksimaalsed kulud on ligil\u00e4hedaselt \u2026 eurot [lisage summa].\u201d, v\u00f5i<br \/>\n\u2014 kui v\u00e4ljaspool \u00e4riruume s\u00f5lmitud lepingu puhul on lepingu esemeks olev asi toimetatud tarbija koju lepingu s\u00f5lmimise ajal ning seda asja ei saa selle olemuse t\u00f5ttu tavaliselt postiga tagasi saata:<br \/>\n\u201eTuleme asjale ise omal kulul j\u00e4rele.\u201d;<br \/>\nc) lisage \u201eVastutate \u00fcksnes asja v\u00e4\u00e4rtuse v\u00e4henemise eest, mis on tingitud asja kasutamisest muul<br \/>\nviisil, kui on vaja asja olemuses, omadustes ja toimimises veendumiseks.\u201d<br \/>\n*6. Teenuse osutamise v\u00f5i muu kestva soorituse tegemise lepingu korral ning vee, gaasi, elektri v\u00f5i<br \/>\nsoojuse \u00fchendusv\u00f5rgu kaudu m\u00fc\u00fcgi lepingu korral lisage j\u00e4rgmine tekst: \u201eKui soovisite, et teenuse<br \/>\nosutamine \/ muu kestva soorituse tegemine v\u00f5i vee\/gaasi\/elektri\/soojuse m\u00fc\u00fck \u00fchendusv\u00f5rgu kaudu<br \/>\n[mittevajalik maha t\u00f5mmata] algaks taganemist\u00e4htaja jooksul, tuleb Teil meile tasuda lepingu<br \/>\nt\u00e4itmisena \u00fcleantu v\u00e4\u00e4rtus proportsionaalselt \u00fcleantuga ajani, mil teatasite meile oma taganemisest<br \/>\nk\u00f5nesolevast lepingust, v\u00f5ttes arvesse lepingu kogumahtu.\u201d<\/p>\n","protected":false},"excerpt":{"rendered":"<p>Justiitsministri 17.12.2013. a m\u00e4\u00e4rus nr 41 \u201eSidevahendi abil s\u00f5lmitud lepingust ja v\u00e4ljaspool \u00e4riruume s\u00f5lmitud lepingust taganemise avalduse t\u00fc\u00fcpvormi ja taganemise n\u00e4idisjuhendi kehtestamine\u201d Lisa 2 Sidevahendi abil s\u00f5lmitud lepingust ja v\u00e4ljaspool \u00e4riruume s\u00f5lmitud lepingust taganemise n\u00e4idisjuhend Taganemis\u00f5igus Teil on \u00f5igus p\u00f5hjust &hellip; <a href=\"http:\/\/tahelilled.eu\/?page_id=1045\">J\u00e4tka lugemist <span class=\"meta-nav\">&rarr;<\/span><\/a><\/p>\n","protected":false},"author":1,"featured_media":0,"parent":1009,"menu_order":0,"comment_status":"closed","ping_status":"closed","template":"","meta":{"footnotes":""},"class_list":["post-1045","page","type-page","status-publish","hentry"],"_links":{"self":[{"href":"http:\/\/tahelilled.eu\/index.php?rest_route=\/wp\/v2\/pages\/1045"}],"collection":[{"href":"http:\/\/tahelilled.eu\/index.php?rest_route=\/wp\/v2\/pages"}],"about":[{"href":"http:\/\/tahelilled.eu\/index.php?rest_route=\/wp\/v2\/types\/page"}],"author":[{"embeddable":true,"href":"http:\/\/tahelilled.eu\/index.php?rest_route=\/wp\/v2\/users\/1"}],"replies":[{"embeddable":true,"href":"http:\/\/tahelilled.eu\/index.php?rest_route=%2Fwp%2Fv2%2Fcomments&post=1045"}],"version-history":[{"count":2,"href":"http:\/\/tahelilled.eu\/index.php?rest_route=\/wp\/v2\/pages\/1045\/revisions"}],"predecessor-version":[{"id":1047,"href":"http:\/\/tahelilled.eu\/index.php?rest_route=\/wp\/v2\/pages\/1045\/revisions\/1047"}],"up":[{"embeddable":true,"href":"http:\/\/tahelilled.eu\/index.php?rest_route=\/wp\/v2\/pages\/1009"}],"wp:attachment":[{"href":"http:\/\/tahelilled.eu\/index.php?rest_route=%2Fwp%2Fv2%2Fmedia&parent=1045"}],"curies":[{"name":"wp","href":"https:\/\/api.w.org\/{rel}","templated":true}]}}