{"id":1035,"date":"2018-02-08T15:31:05","date_gmt":"2018-02-08T13:31:05","guid":{"rendered":"http:\/\/www.tahelilled.eu\/?post_type=product&#038;p=1035"},"modified":"2022-12-04T21:39:35","modified_gmt":"2022-12-04T19:39:35","slug":"kaart-sudameke","status":"publish","type":"product","link":"http:\/\/tahelilled.eu\/?product=kaart-sudameke","title":{"rendered":"\u00d5nnitluskaart &#8220;S\u00fcdameke&#8221;"},"content":{"rendered":"<p>Kaunis \u00f5nnitluskaart uudse p\u00f5neva &#8220;\u00fcmbrikuga&#8221;<\/p>\n","protected":false},"excerpt":{"rendered":"<p>Kaunis \u00f5nnitluskaart uudse p\u00f5neva &#8220;\u00fcmbrikuga&#8221;<\/p>\n","protected":false},"featured_media":1036,"comment_status":"open","ping_status":"closed","template":"","meta":[],"product_cat":[39],"product_tag":[],"class_list":{"0":"post-1035","1":"product","2":"type-product","3":"status-publish","4":"has-post-thumbnail","6":"product_cat-kaardid","8":"first","9":"outofstock","10":"taxable","11":"shipping-taxable","12":"purchasable","13":"product-type-simple"},"_links":{"self":[{"href":"http:\/\/tahelilled.eu\/index.php?rest_route=\/wp\/v2\/product\/1035"}],"collection":[{"href":"http:\/\/tahelilled.eu\/index.php?rest_route=\/wp\/v2\/product"}],"about":[{"href":"http:\/\/tahelilled.eu\/index.php?rest_route=\/wp\/v2\/types\/product"}],"replies":[{"embeddable":true,"href":"http:\/\/tahelilled.eu\/index.php?rest_route=%2Fwp%2Fv2%2Fcomments&post=1035"}],"wp:featuredmedia":[{"embeddable":true,"href":"http:\/\/tahelilled.eu\/index.php?rest_route=\/wp\/v2\/media\/1036"}],"wp:attachment":[{"href":"http:\/\/tahelilled.eu\/index.php?rest_route=%2Fwp%2Fv2%2Fmedia&parent=1035"}],"wp:term":[{"taxonomy":"product_cat","embeddable":true,"href":"http:\/\/tahelilled.eu\/index.php?rest_route=%2Fwp%2Fv2%2Fproduct_cat&post=1035"},{"taxonomy":"product_tag","embeddable":true,"href":"http:\/\/tahelilled.eu\/index.php?rest_route=%2Fwp%2Fv2%2Fproduct_tag&post=1035"}],"curies":[{"name":"wp","href":"https:\/\/api.w.org\/{rel}","templated":true}]}}