{"id":1058,"date":"2018-02-09T11:56:00","date_gmt":"2018-02-09T09:56:00","guid":{"rendered":"http:\/\/www.tahelilled.eu\/?post_type=product&#038;p=1058"},"modified":"2018-02-09T12:00:00","modified_gmt":"2018-02-09T10:00:00","slug":"kommipuu-geisha-kommidega-vaike-roosa","status":"publish","type":"product","link":"http:\/\/tahelilled.eu\/?product=kommipuu-geisha-kommidega-vaike-roosa","title":{"rendered":"Kommipuu Geisha kommidega (v\u00e4ike, roosa)"},"content":{"rendered":"<p>Armas kommipuu Geisha kommidega. (Kommipuu k\u00f5rgus ca 25-30 cm.)<br \/>\nP\u00f5nev kingitus, mis j\u00e4\u00e4b ka peale kommide s\u00f6\u00f6mis silmailu pakkuma.<\/p>\n","protected":false},"excerpt":{"rendered":"<p>Armas kommipuu Geisha kommidega. (Kommipuu k\u00f5rgus ca 25-30 cm.) P\u00f5nev kingitus, mis j\u00e4\u00e4b ka peale kommide s\u00f6\u00f6mis silmailu pakkuma.<\/p>\n","protected":false},"featured_media":1059,"comment_status":"open","ping_status":"closed","template":"","meta":[],"product_cat":[25],"product_tag":[],"class_list":{"0":"post-1058","1":"product","2":"type-product","3":"status-publish","4":"has-post-thumbnail","6":"product_cat-kommipuud","8":"first","9":"instock","10":"taxable","11":"shipping-taxable","12":"purchasable","13":"product-type-simple"},"_links":{"self":[{"href":"http:\/\/tahelilled.eu\/index.php?rest_route=\/wp\/v2\/product\/1058"}],"collection":[{"href":"http:\/\/tahelilled.eu\/index.php?rest_route=\/wp\/v2\/product"}],"about":[{"href":"http:\/\/tahelilled.eu\/index.php?rest_route=\/wp\/v2\/types\/product"}],"replies":[{"embeddable":true,"href":"http:\/\/tahelilled.eu\/index.php?rest_route=%2Fwp%2Fv2%2Fcomments&post=1058"}],"wp:featuredmedia":[{"embeddable":true,"href":"http:\/\/tahelilled.eu\/index.php?rest_route=\/wp\/v2\/media\/1059"}],"wp:attachment":[{"href":"http:\/\/tahelilled.eu\/index.php?rest_route=%2Fwp%2Fv2%2Fmedia&parent=1058"}],"wp:term":[{"taxonomy":"product_cat","embeddable":true,"href":"http:\/\/tahelilled.eu\/index.php?rest_route=%2Fwp%2Fv2%2Fproduct_cat&post=1058"},{"taxonomy":"product_tag","embeddable":true,"href":"http:\/\/tahelilled.eu\/index.php?rest_route=%2Fwp%2Fv2%2Fproduct_tag&post=1058"}],"curies":[{"name":"wp","href":"https:\/\/api.w.org\/{rel}","templated":true}]}}