{"id":916,"date":"2016-02-28T19:53:46","date_gmt":"2016-02-28T17:53:46","guid":{"rendered":"http:\/\/www.tahelilled.eu\/?post_type=product&#038;p=916"},"modified":"2016-03-18T10:22:50","modified_gmt":"2016-03-18T08:22:50","slug":"geisha-kommipuu-suur","status":"publish","type":"product","link":"http:\/\/tahelilled.eu\/?product=geisha-kommipuu-suur","title":{"rendered":"Geisha kommipuu (suur)"},"content":{"rendered":"<p class=\"size-medium wp-image-523\">M\u00f5nus magus kingiidee Geisha kommidega kommpipuu n\u00e4ol. Kommipuu k\u00f5rguseks ca 30-40 cm.<\/p>\n","protected":false},"excerpt":{"rendered":"<p>M\u00f5nus magus kingiidee Geisha kommidega kommpipuu n\u00e4ol. Kommipuu k\u00f5rguseks ca 30-40 cm.<\/p>\n","protected":false},"featured_media":772,"comment_status":"open","ping_status":"closed","template":"","meta":[],"product_cat":[25],"product_tag":[],"class_list":{"0":"post-916","1":"product","2":"type-product","3":"status-publish","4":"has-post-thumbnail","6":"product_cat-kommipuud","8":"first","9":"instock","10":"taxable","11":"shipping-taxable","12":"purchasable","13":"product-type-simple"},"_links":{"self":[{"href":"http:\/\/tahelilled.eu\/index.php?rest_route=\/wp\/v2\/product\/916"}],"collection":[{"href":"http:\/\/tahelilled.eu\/index.php?rest_route=\/wp\/v2\/product"}],"about":[{"href":"http:\/\/tahelilled.eu\/index.php?rest_route=\/wp\/v2\/types\/product"}],"replies":[{"embeddable":true,"href":"http:\/\/tahelilled.eu\/index.php?rest_route=%2Fwp%2Fv2%2Fcomments&post=916"}],"wp:featuredmedia":[{"embeddable":true,"href":"http:\/\/tahelilled.eu\/index.php?rest_route=\/wp\/v2\/media\/772"}],"wp:attachment":[{"href":"http:\/\/tahelilled.eu\/index.php?rest_route=%2Fwp%2Fv2%2Fmedia&parent=916"}],"wp:term":[{"taxonomy":"product_cat","embeddable":true,"href":"http:\/\/tahelilled.eu\/index.php?rest_route=%2Fwp%2Fv2%2Fproduct_cat&post=916"},{"taxonomy":"product_tag","embeddable":true,"href":"http:\/\/tahelilled.eu\/index.php?rest_route=%2Fwp%2Fv2%2Fproduct_tag&post=916"}],"curies":[{"name":"wp","href":"https:\/\/api.w.org\/{rel}","templated":true}]}}